{"id":9,"date":"2015-01-03T16:13:47","date_gmt":"2015-01-03T16:13:47","guid":{"rendered":"http:\/\/www.sv-trojica-franciskani.si\/?page_id=9"},"modified":"2015-01-05T15:41:39","modified_gmt":"2015-01-05T14:41:39","slug":"cerkev","status":"publish","type":"page","link":"https:\/\/www.sv-trojica-franciskani.si\/?page_id=9","title":{"rendered":"Cerkev"},"content":{"rendered":"<p style=\"text-align: justify;\">\n\tHrib, na katerem stojita danes samostan in cerkev Svete Trojice, se je prvotno imenoval Por\u010dki vrh-Purkstalberg. Ko so med leti1636 in 1640 tam postavili cerkev Svete Trojice, se je za\u010del kraj imenovati Sveta Trojica v Slovenskih Goricah. Na tem kraju so \u017ee leta 1631 postavili leseno kapelo v \u010dast Svetemu Duhu, katero so ljudje mno\u017ei\u010dno obiskovali.\n<\/p>\n<p style=\"text-align: justify;\">\n\tKer so ljudje ve\u010dkrat videli na vrhu hriba goreti tri lu\u010di ali tri zvezde nenavadne oblike, so z dovoljenjem &scaron;kofa na tem mestu postavili cerkev Svete Trojice. Zemlji&scaron;\u010de za cerkev je podaril cmure&scaron;ki grof Wolfgang Stubenberg. 15. junija 1636 je sekov&scaron;ki &scaron;kof Janez Marko blagoslovil temeljni kamen. Prvotna cerkev je obsegala dana&scaron;nji zahodni zvonik, nekoliko ni\u017ejo ladjo z ju\u017eno kapelo in kvadratast prezbiterij s stre&scaron;nim stolpi\u010dem. V zvonik je vodil sedaj zazidani portal, nad katerim je vzidana plo&scaron;\u010da , ki pri\u010da o nastanku cerkve. Ker so se tukaj za\u010deli goditi \u010dude\u017ei, se je &scaron;tevilo romarjev zelo hitro ve\u010dalo.Leta 1663 so cerkev zato prevzeli avgu&scaron;tinci.\n<\/p>\n<p style=\"text-align: justify;\">\n\tLeta 1693 je bila na severni strani ladje prizidana loretska kapela. Kapelo so zgradili z darovi soproge negovskega grofa, Marije Elizabete Travtmanstorf. Takratni pape\u017e Inocenc XII. je dovolil popolni odpustek vernikom, ki obi&scaron;\u010dejo loretsko kapelo v nedeljo po osmini Marijinega rojstva. S pomo\u010djo grofa Dra&scaron;kovi\u010da iz Vara\u017edina je bila cerkev med leti 1735 in 1740 povsem prezidana, saj so jo obrnili tako, da se je njen fasadni zvonik zna&scaron;el na oltarnem koncu, stara ladja pa se je spremenila v prezbiterij, ki so mu prizidali sedanjo ladjo. V letih 1779-1780 sta bila dozidana &scaron;e dva zvonika.\n<\/p>\n<p style=\"text-align: justify;\">\n\tGlavni oltar iz leta 1756 je izdelan iz &scaron;tukalustra, medtem ko so kipi leseni in pozla\u010deni. Oltar hrani v nastavku kvalitetno sliko Svete Trojice, ob strani pa svetnike avgu&scaron;tinskega reda: sv. Toma\u017e iz Vilanove, sv. Avgu&scaron;tin, sv. Nikolaj Toletinski in sv. Janez Fakundski. Leta 1759 je bilo dokon\u010danih &scaron;est stranskih oltarjev in kipi &scaron;tirih cerkvenih o\u010detov, ki so na konzolah v prezbiteriju. Avtorji teh kipov niso znani.&nbsp;V prezbiteriju se sedaj nahaja zvon iz leta 1666, katerega je vlil Peter Zwelfer v Gradcu. Leta 1887 je takratni ljubljanski &scaron;kof Missija blagoslovil 3000 kg te\u017eek zvon. Zvon je kasneje vzela prva svetovna vojna. Leta 1938 so troji&scaron;ki farani zopet nabavili zvon te\u017eak 2605 kg, katerega je vzela druga svetovna vojna . Od leta 1994 visi v zvoniku 2700 kg te\u017eek zvon iz livarne Grassmaier iz Innsbrucka.&nbsp;\n<\/p>\n<p style=\"text-align: justify;\">\n\tStropne freske v ladji in v prezbiteriju so delo Jakoba Brolla ter Osvalda in Egidija Biertija iz Humina pri \u010cedadu iz leta 1884. V letu 1991 je bila v cerkvi obnovljena elektri\u010dna instalacija in notranjost na novo pobeljena. Leta 2003 so na koru postavljene nove orgle z 54 registri, dvema igralnikoma, s pozitivom na korni ograji in v prezbiteriju.\n<\/p>\n<p style=\"text-align: justify;\">\n\tSamostanski kompleks ob cerkvi so za\u010deli graditi po letu 1663, ko so Sveto Trojico prevzeli avgu&scaron;tinci. S pomo\u010djo grofa Travtmanstorfa iz Negove so leta 1692 dozidali obse\u017eno samostansko poslopje. 15. aprila 1786 je pod Jo\u017eefom II. Sveta Trojica postala \u017eupnija, avgu&scaron;tinski samostan pa je bil razpu&scaron;\u010den. Leta 1811 so avgu&scaron;tinci zapustili Sveto Trojico, cerkev in samostan pa so prevzeli v upravo svetni duhovniki. Zaradi velikega &scaron;tevila romarjev, tudi \u010dez stotiso\u010d na leto, so leta 1854 prevzeli Sveto Trojico fran\u010di&scaron;kani in jo upravljajo &scaron;e danes.\n<\/p>\n<h3>\n\t<span style=\"color:#FF8C00;\"><strong>Poslikava<\/strong><\/span><br \/>\n<\/h3>\n<p style=\"text-align: justify;\">\n\tCelotna cerkev je bila poslikana leta 1883. Strop in stranske stene so delo furlanskega slikarja Jakoba Brolla, med tem ko sta slikarsko dekoracijo izvedla Osvald in Egidij Bierti, katerih podpisi so ohranjeni pod njihovimi deli. Stropne freske v prezbiteriju so poslikane z angeli, ki predstavljajo devet angelskih korov, med njimi serafin, kerubin, nadangel in angel varuh.\n<\/p>\n<p style=\"text-align: justify;\">\n\tNa stropu ladje so upodobljeni pripro&scaron;njiki v sili: sv. Marjeta, sv. Jurij, sv. Ahac, sv. Erazem, sv. Cirjak, sv. Bla\u017e, sv. Dioniz, sv. Vid, sv. Pantaleon, sv. Tilen, sv. Kri&scaron;tof, sv. Evstahij, na slavoloku, ki lo\u010di glavno ladjo od prezbirterija, pa sta na vsaki strani freske deteta Jezusa, &scaron;e sv. Barbara in sv. Katarina Aleksandrijska. Na stropnem polju nad korom so med dekoracijo upodobljeni angeli z instrumenti.\n<\/p>\n<p style=\"text-align: justify;\">\n\tNa stenah, v prezbiteriju, sta upodobitvi Marijinega oznanjenj in Marije kraljice sveta; v kapelnih ni&scaron;ah pa Porcjuinkula, sv. Jo\u017eef, sv. Anton Padovanski, sv. Ana, Jezus prijatelj otrok, Marijino rojstvo in Marijina pot v tempelj. Empore krasijo medaljoni z apostoli.\n<\/p>\n<h3>\n\t<span style=\"color:#FF8C00;\"><strong>Oprema<\/strong><\/span><br \/>\n<\/h3>\n<p style=\"text-align: justify;\">\n\tGlavni oltar je dominantna arhitektura, ki obvladuje celoten prostor. Nastal je medleti 1752 in 1755 ter je po vsej verjetnosti gra&scaron;ko delo, saj ka\u017ee mo\u010dan vpliv Maksa Schokotniga. Oltarna arhitektura so zaklju\u010di z atiko, na kateri je upodobljeno Bo\u017eje oko, obdano z \u017earki in angeli. Oltar je v celoti lesen, vsi arhitekturni deli so izvedeni v tehniki &scaron;tuka-lustra. Kipi med stebrih so sv. Avgu&scaron;tin, sv. Nikolaj Toletinski, sv. Toma\u017e iz Villanove in Janez Fakund. Na atiki pa sta sv. Bonaventura in sv. Ludvik ter dva kle\u010de\u010da angela. Tudi ob tabernaklju kle\u010dita dva angela, ki sta delo Jakoba Gschila iz druge polovice 19. stoletja. Center oltarja je slika Sv. Trojice, kvalitetno delo neznanega umetnika iz 18. stoletja.\n<\/p>\n<p style=\"text-align: justify;\">\n\tStranskih oltarjev je deset.&nbsp;&Scaron;tirje od teh so nastali sredi 18. stoletja, &scaron;est pa v 19. stoletju.&nbsp;\n<\/p>\n<p style=\"text-align: justify;\">\n\tNa levi strani: Oltar sv. Kri\u017ea &ndash; slika kri\u017eanega je delo J.M. Kremser-Schmidta,oltar sv. Avgu&scaron;tina, oltar sv.&nbsp;Florjana, oltar sv. Fran\u010di&scaron;ka Ksaverja &ndash; delo J. Strauba.<br \/>\n\tOltar Marije Brezmade\u017ene je neorenesan\u010dni, delo doma\u010dega mojstra Antona Perka,kip pa je delo J. Gschila.&nbsp;\n<\/p>\n<p style=\"text-align: justify;\">\n\tNa desni strani: oltar \u017dalostne Matere Bo\u017eje, oltar sv. Nikolaja Toletinskega, oltar sv. Roka, oltar sv. Patricija, oltar Dobrega pastirja je postbaro\u010dno delo doma\u010dega mojstra Antona Perka.\n<\/p>\n<h3>\n\t<span style=\"color:#FF8C00;\"><strong>Ostala oprema<\/strong><\/span><br \/>\n<\/h3>\n<p style=\"text-align: justify;\">\n\tCerkev krasijo &scaron;tevilni kipi, med njimi so omembe vredni kipi &scaron;tirih cerkvenih o\u010detov v prezbiteriju,ki jih pripisujejo Holzinger &#8211; Straubovi smeri&nbsp;ter nosilnica za procesije s kipom Marije, delo gra&scaron;kega kiparja J. Gschila.\n<\/p>\n<h3>\n\t<span style=\"color:#FF8C00;\"><strong>Pri\u017enica<\/strong><\/span><br \/>\n<\/h3>\n<p style=\"text-align: justify;\">\n\tPri\u017enica je v osnovi iz 18. Stoletja, vendar je bila sredi 19. stoletja obnovljena. Na pri\u017enici so reliefi &scaron;tirih evangelistov. Kip sv. Fran\u010di&scaron;ka Asi&scaron;kega na strehi pri\u017enice je delo J. Gschila.&nbsp;\n<\/p>\n<h3>\n\t<span style=\"color:#FF8C00;\"><strong>Kri\u017eev pot<\/strong><\/span><br \/>\n<\/h3>\n<p style=\"text-align: justify;\">\n\tKri\u017eev pot je iz 19. Stoletja delo \u010de&scaron;kega slikarja V.F. Seitla in J. Ev. Schaara iz Gradca. Barvna okna so iz leta 1912 in izvirajo iz tirolske delavnice Neuhauser dr. Jele.\n<\/p>\n<h3>\n\t<span style=\"color:#FF8C00;\"><strong>Zvonovi<\/strong><\/span><br \/>\n<\/h3>\n<p style=\"text-align: justify;\">\n\tDanes ima cerkev pet zvonov,ki jih je dobila po 2. svetovni vojni, s skupno te\u017eo nekaj \u010dez 7ton. Ohranjen pa je &scaron;e zvon iz leta 1666, ki ga je ulil Peter Zweffer v Gracu.\n<\/p>\n<h3>\n\t<span style=\"color:#FF8C00;\"><strong>Orgle<\/strong><\/span><br \/>\n<\/h3>\n<p style=\"text-align: justify;\">\n\tOrgle so bile prvi\u010d postavljene leta 1833. Izdelal jih je mojster Karol Schehl iz Gradca. Bile so ve\u010dkrat obnovljene, od razli\u010dnih mojstrov. Leta 2003 so jih pove\u010dali in obnovili v &Scaron;kofijski orglarski delavnici v Ho\u010dah pri Mariboru in so sedaj tretje najve\u010dje orgle v Sloveniji.\n<\/p>\n<h3>\n\t<span style=\"color:#FF8C00;\"><strong>Loretska kapela<\/strong><\/span><br \/>\n<\/h3>\n<p style=\"text-align: justify;\">\n\tLoretska kapela je bila zgrajena leta 1693. Donatorica je bila negovska grofica Trautmansdorf. O tem nam pri\u010dajo tabli na vhodu v kapelo. \u010crna Marija stoji v ni&scaron;i, ki je obdana z bogatim rokokojevskim okvirom.<\/p>\n","protected":false},"excerpt":{"rendered":"<p>Hrib, na katerem stojita danes samostan in cerkev Svete Trojice, se je prvotno imenoval Por\u010dki vrh-Purkstalberg. Ko so med leti1636 in 1640 tam postavili cerkev Svete Trojice, se je za\u010del kraj imenovati Sveta Trojica v Slovenskih Goricah. Na tem kraju so \u017ee leta 1631 postavili leseno kapelo v \u010dast Svetemu [&hellip;]<\/p>\n","protected":false},"author":2,"featured_media":0,"parent":0,"menu_order":0,"comment_status":"closed","ping_status":"open","template":"","meta":{"footnotes":""},"class_list":["post-9","page","type-page","status-publish","hentry"],"_links":{"self":[{"href":"https:\/\/www.sv-trojica-franciskani.si\/index.php?rest_route=\/wp\/v2\/pages\/9","targetHints":{"allow":["GET"]}}],"collection":[{"href":"https:\/\/www.sv-trojica-franciskani.si\/index.php?rest_route=\/wp\/v2\/pages"}],"about":[{"href":"https:\/\/www.sv-trojica-franciskani.si\/index.php?rest_route=\/wp\/v2\/types\/page"}],"author":[{"embeddable":true,"href":"https:\/\/www.sv-trojica-franciskani.si\/index.php?rest_route=\/wp\/v2\/users\/2"}],"replies":[{"embeddable":true,"href":"https:\/\/www.sv-trojica-franciskani.si\/index.php?rest_route=%2Fwp%2Fv2%2Fcomments&post=9"}],"version-history":[{"count":13,"href":"https:\/\/www.sv-trojica-franciskani.si\/index.php?rest_route=\/wp\/v2\/pages\/9\/revisions"}],"predecessor-version":[{"id":182,"href":"https:\/\/www.sv-trojica-franciskani.si\/index.php?rest_route=\/wp\/v2\/pages\/9\/revisions\/182"}],"wp:attachment":[{"href":"https:\/\/www.sv-trojica-franciskani.si\/index.php?rest_route=%2Fwp%2Fv2%2Fmedia&parent=9"}],"curies":[{"name":"wp","href":"https:\/\/api.w.org\/{rel}","templated":true}]}}