{"id":82,"date":"2015-01-03T16:49:29","date_gmt":"2015-01-03T16:49:29","guid":{"rendered":"http:\/\/www.sv-trojica-franciskani.si\/?page_id=82"},"modified":"2015-01-05T15:46:56","modified_gmt":"2015-01-05T14:46:56","slug":"masnisko-posvecenje","status":"publish","type":"page","link":"https:\/\/www.sv-trojica-franciskani.si\/?page_id=82","title":{"rendered":"Ma\u0161ni\u0161ko posve\u010denje"},"content":{"rendered":"<h3>\n\t<span style=\"color:#FF8C00;\"><strong>Sveti red ali duhovni&scaron;ko posve\u010denje<\/strong><\/span><br \/>\n<\/h3>\n<p style=\"text-align: justify;\">\n\tOdlo\u010ditev za Bogu posve\u010deno \u017eivljenje, kot redovnik, redovnica ali duhovnik, ni zgolj odlo\u010ditev za neki poklic, kot se npr. odlo\u010dim, da bom postal pilot ali zdravnica. Za tak&scaron;no odlo\u010ditev je potreben predhodni bo\u017eji klic. To pomeni, da \u010dlovek v svojem \u017eivljenju, v svoji notranjosti &hellip; prepozna, da ga Bog kli\u010de v posve\u010deno \u017eivljenje. Tisti, ki zberejo pogum in odgovorijo klicu ter postanejo redovniki ali redovnice, se Bogu posvetijo z redovnimi zaobljubami. Tisti, ki pa jih Bog kli\u010de v duhovni&scaron;ko slu\u017ebo, po &scaron;kofovih rokah prejmejo zakrament svetega reda, oziroma ma&scaron;ni&scaron;ko posve\u010denje. Kot duhovniki v mo\u010di tega zakramenta nato tudi sami podeljujejo zakramente: <strong>krst<\/strong>, <strong>evharistija<\/strong> in <strong>bolni&scaron;ko maziljenje<\/strong>.<\/p>\n","protected":false},"excerpt":{"rendered":"<p>Sveti red ali duhovni&scaron;ko posve\u010denje Odlo\u010ditev za Bogu posve\u010deno \u017eivljenje, kot redovnik, redovnica ali duhovnik, ni zgolj odlo\u010ditev za neki poklic, kot se npr. odlo\u010dim, da bom postal pilot ali zdravnica. Za tak&scaron;no odlo\u010ditev je potreben predhodni bo\u017eji klic. To pomeni, da \u010dlovek v svojem \u017eivljenju, v svoji notranjosti &hellip; [&hellip;]<\/p>\n","protected":false},"author":2,"featured_media":0,"parent":0,"menu_order":0,"comment_status":"closed","ping_status":"open","template":"","meta":{"footnotes":""},"class_list":["post-82","page","type-page","status-publish","hentry"],"_links":{"self":[{"href":"https:\/\/www.sv-trojica-franciskani.si\/index.php?rest_route=\/wp\/v2\/pages\/82","targetHints":{"allow":["GET"]}}],"collection":[{"href":"https:\/\/www.sv-trojica-franciskani.si\/index.php?rest_route=\/wp\/v2\/pages"}],"about":[{"href":"https:\/\/www.sv-trojica-franciskani.si\/index.php?rest_route=\/wp\/v2\/types\/page"}],"author":[{"embeddable":true,"href":"https:\/\/www.sv-trojica-franciskani.si\/index.php?rest_route=\/wp\/v2\/users\/2"}],"replies":[{"embeddable":true,"href":"https:\/\/www.sv-trojica-franciskani.si\/index.php?rest_route=%2Fwp%2Fv2%2Fcomments&post=82"}],"version-history":[{"count":4,"href":"https:\/\/www.sv-trojica-franciskani.si\/index.php?rest_route=\/wp\/v2\/pages\/82\/revisions"}],"predecessor-version":[{"id":185,"href":"https:\/\/www.sv-trojica-franciskani.si\/index.php?rest_route=\/wp\/v2\/pages\/82\/revisions\/185"}],"wp:attachment":[{"href":"https:\/\/www.sv-trojica-franciskani.si\/index.php?rest_route=%2Fwp%2Fv2%2Fmedia&parent=82"}],"curies":[{"name":"wp","href":"https:\/\/api.w.org\/{rel}","templated":true}]}}