{"id":2,"date":"2026-05-02T20:00:50","date_gmt":"2026-05-02T19:00:50","guid":{"rendered":"http:\/\/www.sv-trojica-franciskani.si\/?page_id=2"},"modified":"2026-05-02T21:24:51","modified_gmt":"2026-05-02T20:24:51","slug":"vzorcna-stran","status":"publish","type":"page","link":"https:\/\/www.sv-trojica-franciskani.si\/?page_id=2","title":{"rendered":"OZNANILA"},"content":{"rendered":"<p style=\"text-align: center;\"><strong>OZNANILA<\/strong><\/p>\n<p style=\"text-align: center;\"><strong>5. VELIKONO\u010cNA NEDELJA <\/strong><strong><\/strong><\/p>\n<p style=\"text-align: center;\"><strong>3. maj 2026<\/strong><\/p>\n<p>&nbsp;<\/p>\n<p><strong>\u010cI\u0160\u010cENJE CERKVE<\/strong><br \/>\nV tednu, ki je pred nami, bodo cerkev v petek \u010distili va\u0161\u010dani iz Go\u010dove.<\/p>\n<p><strong>MESEC MAJNIK \u2212 \u0160MARNICE<\/strong><br \/>\n\u0160marnice so \u0161e vedno ena najbolj pri-ljubljenih ljudskih pobo\u017enosti na Slovenskem.<br \/>\nZa\u010detki \u0161marni\u010dne pobo\u017enosti gotovo segajo \u017ee pred leto 1815, ko je pape\u017e Pij VII. pobo\u017enost meseca maja potrdil in obdaril z odpustki. S pobo\u017enostjo, ki so jo poimenovali Marijin mesec, so za\u010deli v Rimu, od koder se je hitro raz\u0161irila po vsej Italiji, Nem\u010diji in Franciji. V Nem\u010diji je nadomestila praznovanje ob pogan-skem \u00bbmajskem drevesu\u00ab (Maibaum). Tudi v Sloveniji so jo z veseljem sprejeli.<br \/>\nMed Slovenci se je majni\u0161ka pobo\u017enost za\u010dela v ljubljanskem semeni\u0161\u010du na po-budo \u010detrtoletnika Jerneja Len\u010dka leta 1851, od tod pa se je hitro raz\u0161irila po vsej slovenski de\u017eeli. \u0160e danes je ta nava-da marsikje ohranjena.<br \/>\nKako je s \u0161marnicami v troji\u0161ki fari? Kot je bilo zapisano, se odvijajo na raz-li\u010dnih krajih. Vsak dan bodo molitve in razmi\u0161ljanja o sv. Fran\u010di\u0161ku ob 18h pri Marijini kapelici \u017eupnijske cerkve. Verou-\u010denci, \u0161e posebej prvoobhajanci, prav lepo povabljeni. Zaupno v molitvi in s pesmijo prosimo Marijo, naj pri Bogu pri za nas.<\/p>\n<p><strong>SEJA \u017dPS<\/strong><br \/>\nPrihodnjo nedeljo, 10. 5., bo ob 19h redna mese\u010dna seja \u017dupnijskega pastoralnega sveta.<\/p>\n<p>&nbsp;<\/p>\n<p><a href=\"https:\/\/www.bazilika.info\/?p=5105&amp;preview_id=5105&amp;preview_nonce=73a045addb&amp;_thumbnail_id=2077&amp;preview=true\"><strong>***OZNANILA \u017dUPNIJE MARIBOR &#8211; SV. MARIJA<\/strong><\/a><\/p>\n<p>&nbsp;<\/p>\n<p><strong>UMRL JE P. SIMEON MAVEC , KI JE DELOVAL TUDI V SVETI TROJICI V SLOV. GORICAH<\/strong><\/p>\n<p><em>Hvaljen, moj Gospod,<\/em><br \/>\n<em>v na\u0161i sestri smrti,<\/em><br \/>\n<em>ki ji nih\u010de v \u017eivljenju ne uide!<\/em><br \/>\n<em>(sv. Fran\u010di\u0161ek Asi\u0161ki)<\/em><\/p>\n<p>V \u010detrtek, 23. aprila 2026 je v Gospodu zaspal<br \/>\n<strong>p. Simeon (Jo\u017eef) Mavec<\/strong><br \/>\nfran\u010di\u0161kanski duhovnik.<\/p>\n<p>Na tem svetu je \u017eivel 84 let in 2 meseca.<br \/>\nBogu je slu\u017eil v serafinskem redu 59 let in 3 mesece,<br \/>\nduhovnik je bil 53 let.<\/p>\n<p><strong>Pogreb bo v sredo, 29. 4. 2026.<\/strong><br \/>\nOd 9. ure bo le\u017eal v cerkvi Vseh svetih na ljubljanskih \u017dalah.<br \/>\nOb 11.30 bo sv. ma\u0161a, ki jo bo vodil ljubljanski nad\u0161kof msgr. Stanislav Zore OFM.<br \/>\nOb 12.30 bo pokop na tamkaj\u0161njem fran\u010di\u0161kanskem pokopali\u0161\u010du.<\/p>\n<p>Pokojnega brata priporo\u010damo v molitev.<\/p>\n<p><em>Gospod, daj rajnemu ve\u010dni pokoj!<\/em><br \/>\n<em>In ve\u010dna lu\u010d naj mu sveti!<\/em><br \/>\n<em>Naj po\u010diva v miru!<\/em><br \/>\n<em>Amen.<\/em><\/p>\n<p>&nbsp;<\/p>\n","protected":false},"excerpt":{"rendered":"<p>OZNANILA 5. VELIKONO\u010cNA NEDELJA 3. maj 2026 &nbsp; \u010cI\u0160\u010cENJE CERKVE V tednu, ki je pred nami, bodo cerkev v petek \u010distili va\u0161\u010dani iz Go\u010dove. MESEC MAJNIK \u2212 \u0160MARNICE \u0160marnice so \u0161e vedno ena najbolj pri-ljubljenih ljudskih pobo\u017enosti na Slovenskem. Za\u010detki \u0161marni\u010dne pobo\u017enosti gotovo segajo \u017ee pred leto 1815, ko je [&hellip;]<\/p>\n","protected":false},"author":2,"featured_media":0,"parent":0,"menu_order":0,"comment_status":"closed","ping_status":"closed","template":"","meta":{"footnotes":""},"class_list":["post-2","page","type-page","status-publish","hentry"],"_links":{"self":[{"href":"https:\/\/www.sv-trojica-franciskani.si\/index.php?rest_route=\/wp\/v2\/pages\/2","targetHints":{"allow":["GET"]}}],"collection":[{"href":"https:\/\/www.sv-trojica-franciskani.si\/index.php?rest_route=\/wp\/v2\/pages"}],"about":[{"href":"https:\/\/www.sv-trojica-franciskani.si\/index.php?rest_route=\/wp\/v2\/types\/page"}],"author":[{"embeddable":true,"href":"https:\/\/www.sv-trojica-franciskani.si\/index.php?rest_route=\/wp\/v2\/users\/2"}],"replies":[{"embeddable":true,"href":"https:\/\/www.sv-trojica-franciskani.si\/index.php?rest_route=%2Fwp%2Fv2%2Fcomments&post=2"}],"version-history":[{"count":1187,"href":"https:\/\/www.sv-trojica-franciskani.si\/index.php?rest_route=\/wp\/v2\/pages\/2\/revisions"}],"predecessor-version":[{"id":6135,"href":"https:\/\/www.sv-trojica-franciskani.si\/index.php?rest_route=\/wp\/v2\/pages\/2\/revisions\/6135"}],"wp:attachment":[{"href":"https:\/\/www.sv-trojica-franciskani.si\/index.php?rest_route=%2Fwp%2Fv2%2Fmedia&parent=2"}],"curies":[{"name":"wp","href":"https:\/\/api.w.org\/{rel}","templated":true}]}}